{"id":1265,"date":"2015-07-14T20:36:59","date_gmt":"2015-07-14T23:36:59","guid":{"rendered":"http:\/\/rnexuspro.digital\/redatoronline\/?page_id=1265"},"modified":"2019-05-07T17:25:28","modified_gmt":"2019-05-07T20:25:28","slug":"portfolio","status":"publish","type":"page","link":"https:\/\/nexuspro.digital\/redatoronline\/portfolio\/","title":{"rendered":"Portf\u00f3lio"},"content":{"rendered":"<p>Veja alguns artigos vendidos neste site:<\/p>\n<p><strong>[BehancePortfolio]<\/strong><\/p>\n","protected":false},"excerpt":{"rendered":"<p>Veja alguns artigos vendidos neste site: [BehancePortfolio]<\/p>\n","protected":false},"author":1,"featured_media":0,"parent":0,"menu_order":0,"comment_status":"open","ping_status":"open","template":"template-fullwidth.php","meta":[],"yoast_head":"<!-- This site is optimized with the Yoast SEO plugin v20.2.1 - https:\/\/yoast.com\/wordpress\/plugins\/seo\/ -->\n<title>Portf\u00f3lio - Redator OnLine<\/title>\n<meta name=\"description\" content=\"Conhe\u00e7a alguns dos trabalhos do RedatorOnLine.net - Marketing de conte\u00fado.\" \/>\n<meta name=\"robots\" content=\"index, follow, max-snippet:-1, max-image-preview:large, max-video-preview:-1\" \/>\n<link rel=\"canonical\" href=\"https:\/\/nexuspro.digital\/redatoronline\/portfolio\/\" \/>\n<meta property=\"og:locale\" content=\"pt_BR\" \/>\n<meta property=\"og:type\" content=\"article\" \/>\n<meta property=\"og:title\" content=\"Portf\u00f3lio - Redator OnLine\" \/>\n<meta property=\"og:description\" content=\"Conhe\u00e7a alguns dos trabalhos do RedatorOnLine.net - Marketing de conte\u00fado.\" \/>\n<meta property=\"og:url\" content=\"https:\/\/nexuspro.digital\/redatoronline\/portfolio\/\" \/>\n<meta property=\"og:site_name\" content=\"Redator OnLine\" \/>\n<meta property=\"article:publisher\" content=\"https:\/\/facebook.com\/redatoronline.net\" \/>\n<meta property=\"article:modified_time\" content=\"2019-05-07T20:25:28+00:00\" \/>\n<meta name=\"twitter:card\" content=\"summary_large_image\" \/>\n<meta name=\"twitter:site\" content=\"@redatornet\" \/>\n<script type=\"application\/ld+json\" class=\"yoast-schema-graph\">{\"@context\":\"https:\/\/schema.org\",\"@graph\":[{\"@type\":\"WebPage\",\"@id\":\"https:\/\/nexuspro.digital\/redatoronline\/portfolio\/\",\"url\":\"https:\/\/nexuspro.digital\/redatoronline\/portfolio\/\",\"name\":\"Portf\u00f3lio - Redator OnLine\",\"isPartOf\":{\"@id\":\"https:\/\/nexuspro.digital\/redatoronline\/#website\"},\"datePublished\":\"2015-07-14T23:36:59+00:00\",\"dateModified\":\"2019-05-07T20:25:28+00:00\",\"description\":\"Conhe\u00e7a alguns dos trabalhos do RedatorOnLine.net - Marketing de conte\u00fado.\",\"breadcrumb\":{\"@id\":\"https:\/\/nexuspro.digital\/redatoronline\/portfolio\/#breadcrumb\"},\"inLanguage\":\"pt-BR\",\"potentialAction\":[{\"@type\":\"ReadAction\",\"target\":[\"https:\/\/nexuspro.digital\/redatoronline\/portfolio\/\"]}]},{\"@type\":\"BreadcrumbList\",\"@id\":\"https:\/\/nexuspro.digital\/redatoronline\/portfolio\/#breadcrumb\",\"itemListElement\":[{\"@type\":\"ListItem\",\"position\":1,\"name\":\"In\u00edcio\",\"item\":\"https:\/\/nexuspro.digital\/redatoronline\/\"},{\"@type\":\"ListItem\",\"position\":2,\"name\":\"Portf\u00f3lio\"}]},{\"@type\":\"WebSite\",\"@id\":\"https:\/\/nexuspro.digital\/redatoronline\/#website\",\"url\":\"https:\/\/nexuspro.digital\/redatoronline\/\",\"name\":\"Redator OnLine\",\"description\":\"Conte\u00fado estrat\u00e9gico para voc\u00ea vender mais!\",\"potentialAction\":[{\"@type\":\"SearchAction\",\"target\":{\"@type\":\"EntryPoint\",\"urlTemplate\":\"https:\/\/nexuspro.digital\/redatoronline\/?s={search_term_string}\"},\"query-input\":\"required name=search_term_string\"}],\"inLanguage\":\"pt-BR\"}]}<\/script>\n<!-- \/ Yoast SEO plugin. -->","yoast_head_json":{"title":"Portf\u00f3lio - Redator OnLine","description":"Conhe\u00e7a alguns dos trabalhos do RedatorOnLine.net - Marketing de conte\u00fado.","robots":{"index":"index","follow":"follow","max-snippet":"max-snippet:-1","max-image-preview":"max-image-preview:large","max-video-preview":"max-video-preview:-1"},"canonical":"https:\/\/nexuspro.digital\/redatoronline\/portfolio\/","og_locale":"pt_BR","og_type":"article","og_title":"Portf\u00f3lio - Redator OnLine","og_description":"Conhe\u00e7a alguns dos trabalhos do RedatorOnLine.net - Marketing de conte\u00fado.","og_url":"https:\/\/nexuspro.digital\/redatoronline\/portfolio\/","og_site_name":"Redator OnLine","article_publisher":"https:\/\/facebook.com\/redatoronline.net","article_modified_time":"2019-05-07T20:25:28+00:00","twitter_card":"summary_large_image","twitter_site":"@redatornet","schema":{"@context":"https:\/\/schema.org","@graph":[{"@type":"WebPage","@id":"https:\/\/nexuspro.digital\/redatoronline\/portfolio\/","url":"https:\/\/nexuspro.digital\/redatoronline\/portfolio\/","name":"Portf\u00f3lio - Redator OnLine","isPartOf":{"@id":"https:\/\/nexuspro.digital\/redatoronline\/#website"},"datePublished":"2015-07-14T23:36:59+00:00","dateModified":"2019-05-07T20:25:28+00:00","description":"Conhe\u00e7a alguns dos trabalhos do RedatorOnLine.net - Marketing de conte\u00fado.","breadcrumb":{"@id":"https:\/\/nexuspro.digital\/redatoronline\/portfolio\/#breadcrumb"},"inLanguage":"pt-BR","potentialAction":[{"@type":"ReadAction","target":["https:\/\/nexuspro.digital\/redatoronline\/portfolio\/"]}]},{"@type":"BreadcrumbList","@id":"https:\/\/nexuspro.digital\/redatoronline\/portfolio\/#breadcrumb","itemListElement":[{"@type":"ListItem","position":1,"name":"In\u00edcio","item":"https:\/\/nexuspro.digital\/redatoronline\/"},{"@type":"ListItem","position":2,"name":"Portf\u00f3lio"}]},{"@type":"WebSite","@id":"https:\/\/nexuspro.digital\/redatoronline\/#website","url":"https:\/\/nexuspro.digital\/redatoronline\/","name":"Redator OnLine","description":"Conte\u00fado estrat\u00e9gico para voc\u00ea vender mais!","potentialAction":[{"@type":"SearchAction","target":{"@type":"EntryPoint","urlTemplate":"https:\/\/nexuspro.digital\/redatoronline\/?s={search_term_string}"},"query-input":"required name=search_term_string"}],"inLanguage":"pt-BR"}]}},"_links":{"self":[{"href":"https:\/\/nexuspro.digital\/redatoronline\/wp-json\/wp\/v2\/pages\/1265"}],"collection":[{"href":"https:\/\/nexuspro.digital\/redatoronline\/wp-json\/wp\/v2\/pages"}],"about":[{"href":"https:\/\/nexuspro.digital\/redatoronline\/wp-json\/wp\/v2\/types\/page"}],"author":[{"embeddable":true,"href":"https:\/\/nexuspro.digital\/redatoronline\/wp-json\/wp\/v2\/users\/1"}],"replies":[{"embeddable":true,"href":"https:\/\/nexuspro.digital\/redatoronline\/wp-json\/wp\/v2\/comments?post=1265"}],"version-history":[{"count":2,"href":"https:\/\/nexuspro.digital\/redatoronline\/wp-json\/wp\/v2\/pages\/1265\/revisions"}],"predecessor-version":[{"id":1443,"href":"https:\/\/nexuspro.digital\/redatoronline\/wp-json\/wp\/v2\/pages\/1265\/revisions\/1443"}],"wp:attachment":[{"href":"https:\/\/nexuspro.digital\/redatoronline\/wp-json\/wp\/v2\/media?parent=1265"}],"curies":[{"name":"wp","href":"https:\/\/api.w.org\/{rel}","templated":true}]}}