{"id":1138,"date":"2015-06-28T12:36:40","date_gmt":"2015-06-28T15:36:40","guid":{"rendered":"http:\/\/rnexuspro.digital\/redatoronline\/?page_id=1138"},"modified":"2024-09-18T18:05:00","modified_gmt":"2024-09-18T21:05:00","slug":"empresa-marketing-de-conteudo","status":"publish","type":"page","link":"https:\/\/nexuspro.digital\/redatoronline\/empresa-marketing-de-conteudo\/","title":{"rendered":"Sobre"},"content":{"rendered":"<div id=\"pl-1138\"  class=\"panel-layout\" ><div id=\"pg-1138-0\"  class=\"panel-grid panel-has-style\" ><div class=\"siteorigin-panels-stretch panel-row-style panel-row-style-for-1138-0\" data-stretch-type=\"full\" ><div id=\"pgc-1138-0-0\"  class=\"panel-grid-cell panel-grid-cell-mobile-last\" ><div id=\"panel-1138-0-0-0\" class=\"so-panel widget widget_sow-headline panel-first-child panel-last-child\" data-index=\"0\" ><div\n\t\t\t\n\t\t\tclass=\"so-widget-sow-headline so-widget-sow-headline-default-9bd3a971b50a-1138\"\n\t\t\t\n\t\t><div class=\"sow-headline-container \">\n\t<h2 class='sow-headline'>COMO TUDO COME\u00c7OU!<\/h2><h3 class='sow-sub-headline'>Tudo \u00e9 imposs\u00edvel at\u00e9 que seja feito!<\/h3><\/div><\/div><\/div><\/div><div id=\"pgc-1138-0-1\"  class=\"panel-grid-cell panel-grid-cell-empty\" ><\/div><\/div><\/div><div id=\"pg-1138-1\"  class=\"panel-grid panel-has-style\" ><div class=\"panel-row-style panel-row-style-for-1138-1\" ><div id=\"pgc-1138-1-0\"  class=\"panel-grid-cell\" ><div id=\"panel-1138-1-0-0\" class=\"so-panel widget widget_sow-editor panel-first-child panel-last-child\" data-index=\"1\" ><div class=\"panel-widget-style panel-widget-style-for-1138-1-0-0\" ><div\n\t\t\t\n\t\t\tclass=\"so-widget-sow-editor so-widget-sow-editor-base\"\n\t\t\t\n\t\t>\n<div class=\"siteorigin-widget-tinymce textwidget\">\n\t<p>Meu nome \u00e9 <strong>C\u00e9sar Ribeiro<\/strong><\/p>\n<p>E sou CEO do RedatorOnLine, uma consultoria de marketing de conte\u00fado que <strong>j\u00e1 ajudou dezenas de empreendedores<\/strong> e profissionais liberais a gerarem conte\u00fado com resultado.<\/p>\n<p>Tenho <strong>8 anos de experi\u00eancia<\/strong> em marketing digital.<\/p>\n<p>E atuo como consultor de marketing de conte\u00fado atualmente.<\/p>\n<p>Hoje eu gero <strong>conte\u00fados com resultado<\/strong> para mim e meus clientes e atraio dezenas de clientes todos os meses investindo muito pouco em an\u00fancios...<\/p>\n<p>Mas nem sempre foi assim!<\/p>\n<h2>O In\u00edcio<\/h2>\n<p>Quando comecei no empreendedorismo em 2010, eu tentei seguir o modelo tradicional de neg\u00f3cio.<img decoding=\"async\" loading=\"lazy\" class=\"alignright wp-image-2613 size-medium\" src=\"https:\/\/i0.wp.com\/redatoronline.net\/wp-content\/uploads\/2015\/06\/foto-cesar-225x300.jpg?resize=225%2C300&#038;ssl=1\" alt=\"cesar ribeiro redatoronline.net\" width=\"225\" height=\"300\" srcset=\"https:\/\/nexuspro.digital\/redatoronline\/wp-content\/uploads\/2015\/06\/foto-cesar-225x300.jpg 225w, https:\/\/nexuspro.digital\/redatoronline\/wp-content\/uploads\/2015\/06\/foto-cesar.jpg 720w\" sizes=\"(max-width: 225px) 100vw, 225px\" data-recalc-dims=\"1\" \/><\/p>\n<p>Abri uma loja virtual de inform\u00e1tica, e como descobri logo, <strong>vender na internet era muito mais dif\u00edcil<\/strong> do que parecia.<\/p>\n<p>Tinha muitos concorrentes, e alguns deles vendiam seus produtos pelo pre\u00e7o que eu comprava com os fornecedores.<\/p>\n<p>Depois de tocar esse neg\u00f3cio por alguns meses, eu <strong>fiquei decepcionado<\/strong>!!<\/p>\n<p>As poucas vendas que consegui foram por indica\u00e7\u00e3o, e <strong>n\u00e3o conseguia gerar nenhuma visita<\/strong> para minha loja virtual.<\/p>\n<p>Ent\u00e3o, eu me dediquei a conhecer tudo sobre marketing digital e gera\u00e7\u00e3o de conte\u00fado.<\/p>\n<p>Em 2012 j\u00e1 prestava servi\u00e7os como <strong>redator freelancer<\/strong> e continuei me aperfei\u00e7oando.<\/p>\n<p>Dois anos mais tarde, a demanda era t\u00e3o grande que fundei o RedatorOnLine.net<\/p>\n<p>Criei uma equipe de freelances para ajudar e <strong>cuido pessoalmente da estrat\u00e9gia de conte\u00fado<\/strong> da maioria de nossos clientes.<\/p>\n<p>Hoje estou a frente da empresa como diretor e consultor de marketing de conte\u00fado.<\/p>\n<p>Mas o mais importante, eu <strong>amo<\/strong> <strong>produzir conte\u00fado<\/strong> e...<\/p>\n<\/div>\n<\/div><\/div><\/div><\/div><\/div><\/div><div id=\"pg-1138-2\"  class=\"panel-grid panel-has-style\" ><div class=\"siteorigin-panels-stretch panel-row-style panel-row-style-for-1138-2\" data-stretch-type=\"full\" ><div id=\"pgc-1138-2-0\"  class=\"panel-grid-cell panel-grid-cell-empty\" ><\/div><div id=\"pgc-1138-2-1\"  class=\"panel-grid-cell\" ><div id=\"panel-1138-2-1-0\" class=\"so-panel widget widget_sow-headline panel-first-child panel-last-child\" data-index=\"2\" ><div\n\t\t\t\n\t\t\tclass=\"so-widget-sow-headline so-widget-sow-headline-default-2c742d1eaa35-1138\"\n\t\t\t\n\t\t><div class=\"sow-headline-container \">\n\t<h2 class='sow-headline'>O QUE FAZEMOS?<\/h2><h3 class='sow-sub-headline'>Cuidamos do seu conte\u00fado para voc\u00ea se dedicar \u00e0s vendas!<\/h3><\/div><\/div><\/div><\/div><\/div><\/div><div id=\"pg-1138-3\"  class=\"panel-grid panel-has-style\" ><div class=\"panel-row-style panel-row-style-for-1138-3\" ><div id=\"pgc-1138-3-0\"  class=\"panel-grid-cell\" ><div id=\"panel-1138-3-0-0\" class=\"so-panel widget widget_sow-editor panel-first-child panel-last-child\" data-index=\"3\" ><div class=\"panel-widget-style panel-widget-style-for-1138-3-0-0\" ><div\n\t\t\t\n\t\t\tclass=\"so-widget-sow-editor so-widget-sow-editor-base\"\n\t\t\t\n\t\t>\n<div class=\"siteorigin-widget-tinymce textwidget\">\n\t<p>A nossa miss\u00e3o \u00e9 facilitar sua vida na produ\u00e7\u00e3o de conte\u00fado.<\/p>\n<p>Por isso, temos o compromisso de\u00a0produzir e distribuir o maior n\u00famero de <strong>conte\u00fado qualificado<\/strong> para os nossos e seus clientes.<\/p>\n<p>Para isso oferecemos solu\u00e7\u00f5es de marketing de conte\u00fado, tais como:<\/p>\n<ul>\n<li>Conte\u00fados para blog com imagens;<\/li>\n<li>Cria\u00e7\u00e3o de ebooks;<\/li>\n<li>Consultoria de marketing de conte\u00fado;<\/li>\n<li>Planejamento e acompanhamento de sua estrat\u00e9gia.<\/li>\n<\/ul>\n<\/div>\n<\/div><\/div><\/div><\/div><\/div><\/div><div id=\"pg-1138-4\"  class=\"panel-grid panel-has-style\" ><div class=\"siteorigin-panels-stretch panel-row-style panel-row-style-for-1138-4\" data-stretch-type=\"full\" ><div id=\"pgc-1138-4-0\"  class=\"panel-grid-cell panel-grid-cell-empty\" ><\/div><div id=\"pgc-1138-4-1\"  class=\"panel-grid-cell\" ><div id=\"panel-1138-4-1-0\" class=\"so-panel widget widget_sow-headline panel-first-child panel-last-child\" data-index=\"4\" ><div\n\t\t\t\n\t\t\tclass=\"so-widget-sow-headline so-widget-sow-headline-default-2c742d1eaa35-1138\"\n\t\t\t\n\t\t><div class=\"sow-headline-container \">\n\t<h2 class='sow-headline'>ACOMPANHE NOSSOS MATERIAIS GRATUITOS!<\/h2><h3 class='sow-sub-headline'>O conhecimento \u00e9 a maior arma!<\/h3><\/div><\/div><\/div><\/div><\/div><\/div><div id=\"pg-1138-5\"  class=\"panel-grid panel-no-style\" ><div id=\"pgc-1138-5-0\"  class=\"panel-grid-cell\" ><div id=\"panel-1138-5-0-0\" class=\"so-panel widget widget_sow-features panel-first-child panel-last-child\" data-index=\"5\" ><div class=\"panel-widget-style panel-widget-style-for-1138-5-0-0\" ><div\n\t\t\t\n\t\t\tclass=\"so-widget-sow-features so-widget-sow-features-default-18648c933039-1138\"\n\t\t\t\n\t\t>\n<div class=\"sow-features-list sow-features-responsive\">\n\n\t\t\t\t\t\t\t\t\t<div\n\t\t\t\tclass=\"sow-features-feature sow-icon-container-position-top sow-features-feature-last-row\"\n\t\t\t\tstyle=\"display: flex; flex-direction: column; float: left; width: 33.333%;\"\n\t\t\t>\n\t\t\t\t\t\t\t<div class=\"sow-features-feature-right-left-container\" style=\"display: flex; flex-direction: inherit;\">\n\t\t\t\n\t\t\t\t\t\t\t\t<div\n\t\t\t\t\tclass=\"sow-icon-container sow-container-round\"\n\t\t\t\t\tstyle=\"color: #f50c5b; \"\n\t\t\t\t\ttitle=\"Blog\">\n\t\t\t\t\t<span class=\"sow-icon-fontawesome sow-far\" data-sow-icon=\"&#xf1c2;\"\n\t\tstyle=\"font-size: 24px; color: #FFFFFF\" \n\t\taria-hidden=\"true\"><\/span>\t\t\t\t<\/div>\n\t\t\t\t\n\t\t\t\t<div class=\"textwidget\">\n\t\t\t\t\t\t\t\t\t\t\t<div class=\"sow-features-feature-content\">\n\t\t\t\t\t\n\t\t\t\t\t\t\t\t\t\t\t<h5>\n\t\t\t\t\t\t\t\n\t\t\t\t\t\t\tBlog\t\t\t\t\t\t\t\t\t\t\t\t\t<\/h5>\n\t\t\t\t\t\n\t\t\t\t\t\t\t\t\t\t\t<p>Fique por dentro de todas as novidades do marketing de conte\u00fado, vendas online, empreendedorismo e muito mais.<\/p>\n\t\t\t\t\t\n\t\t\t\t\t\t\t\t\t\t\t<\/div>\n\t\t\t\t\t\t<p class=\"sow-more-text\">\n\t\t\t\t\t\t\t<a href=\"https:\/\/nexuspro.digital\/blog?utm_source=site&#038;utm_campaign=sobre&#038;utm_medium=pagina\" >\t\t\t\t\t\t\tVer o blog...\t\t\t\t\t\t\t<\/a>\t\t\t\t\t\t<\/p>\n\t\t\t\t\t\t\t\t\t<\/div>\n\t\t\t\t\t\t\t\t\t<\/div>\n\t\t\t\t\t\t\t\t\n\t\t\t\t\t\t\t<\/div>\n\n\t\t\t\t\t\t\t\t<div\n\t\t\t\tclass=\"sow-features-feature sow-icon-container-position-top sow-features-feature-last-row\"\n\t\t\t\tstyle=\"display: flex; flex-direction: column; float: left; width: 33.333%;\"\n\t\t\t>\n\t\t\t\t\t\t\t<div class=\"sow-features-feature-right-left-container\" style=\"display: flex; flex-direction: inherit;\">\n\t\t\t\n\t\t\t\t\t\t\t\t<div\n\t\t\t\t\tclass=\"sow-icon-container sow-container-round\"\n\t\t\t\t\tstyle=\"color: #f50c5b; \"\n\t\t\t\t\ttitle=\"Lista VIP\">\n\t\t\t\t\t<span class=\"sow-icon-fontawesome sow-fas\" data-sow-icon=\"&#x40;\"\n\t\tstyle=\"font-size: 24px; color: #FFFFFF\" \n\t\taria-hidden=\"true\"><\/span>\t\t\t\t<\/div>\n\t\t\t\t\n\t\t\t\t<div class=\"textwidget\">\n\t\t\t\t\t\t\t\t\t\t\t<div class=\"sow-features-feature-content\">\n\t\t\t\t\t\n\t\t\t\t\t\t\t\t\t\t\t<h5>\n\t\t\t\t\t\t\t\n\t\t\t\t\t\t\tLista VIP\t\t\t\t\t\t\t\t\t\t\t\t\t<\/h5>\n\t\t\t\t\t\n\t\t\t\t\t\t\t\t\t\t\t<p>Receba os nossos conte\u00fados em primeira m\u00e3o em sua caixa de entrada e fique por dentro de tudo.<\/p>\n\t\t\t\t\t\n\t\t\t\t\t\t\t\t\t\t\t<\/div>\n\t\t\t\t\t\t<p class=\"sow-more-text\">\n\t\t\t\t\t\t\t<a href=\"http:\/\/listavip.redatoronline.net\/?utm_source=site&#038;utm_campaign=sobre&#038;utm_medium=pagina\" >\t\t\t\t\t\t\tQuero ser VIP!\t\t\t\t\t\t\t<\/a>\t\t\t\t\t\t<\/p>\n\t\t\t\t\t\t\t\t\t<\/div>\n\t\t\t\t\t\t\t\t\t<\/div>\n\t\t\t\t\t\t\t\t\n\t\t\t\t\t\t\t<\/div>\n\n\t\t\t\t\t\t\t\t<div\n\t\t\t\tclass=\"sow-features-feature sow-icon-container-position-top sow-features-feature-last-row\"\n\t\t\t\tstyle=\"display: flex; flex-direction: column; float: left; width: 33.333%;\"\n\t\t\t>\n\t\t\t\t\t\t\t<div class=\"sow-features-feature-right-left-container\" style=\"display: flex; flex-direction: inherit;\">\n\t\t\t\n\t\t\t\t\t\t\t\t<div\n\t\t\t\t\tclass=\"sow-icon-container sow-container-round\"\n\t\t\t\t\tstyle=\"color: #f50c5b; \"\n\t\t\t\t\ttitle=\"Materiais Gratuitos\">\n\t\t\t\t\t<span class=\"sow-icon-fontawesome sow-fas\" data-sow-icon=\"&#xf02d;\"\n\t\tstyle=\"font-size: 24px; color: #FFFFFF\" \n\t\taria-hidden=\"true\"><\/span>\t\t\t\t<\/div>\n\t\t\t\t\n\t\t\t\t<div class=\"textwidget\">\n\t\t\t\t\t\t\t\t\t\t\t<div class=\"sow-features-feature-content\">\n\t\t\t\t\t\n\t\t\t\t\t\t\t\t\t\t\t<h5>\n\t\t\t\t\t\t\t\n\t\t\t\t\t\t\tMateriais Gratuitos\t\t\t\t\t\t\t\t\t\t\t\t\t<\/h5>\n\t\t\t\t\t\n\t\t\t\t\t\t\t\t\t\t\t<p>Conhe\u00e7a a nossa biblioteca de materiais gratuitos sobre marketing digital e produ\u00e7\u00e3o de conte\u00fado. Baixe eBooks, planilhas e muito mais gratuitamente.<\/p>\n\t\t\t\t\t\n\t\t\t\t\t\t\t\t\t\t\t<\/div>\n\t\t\t\t\t\t<p class=\"sow-more-text\">\n\t\t\t\t\t\t\t<a href=\"https:\/\/materiais.redatoronline.net\/?utm_source=site&#038;utm_campaign=sobre&#038;utm_medium=pagina\" >\t\t\t\t\t\t\tVer materiais!\t\t\t\t\t\t\t<\/a>\t\t\t\t\t\t<\/p>\n\t\t\t\t\t\t\t\t\t<\/div>\n\t\t\t\t\t\t\t\t\t<\/div>\n\t\t\t\t\t\t\t\t\n\t\t\t\t\t\t\t<\/div>\n\n\t\t\t\n<\/div>\n<\/div><\/div><\/div><\/div><\/div><\/div>","protected":false},"excerpt":{"rendered":"<p>Meu nome \u00e9 C\u00e9sar Ribeiro E sou CEO do RedatorOnLine, uma consultoria de marketing de conte\u00fado que j\u00e1 ajudou dezenas de empreendedores e profissionais liberais a gerarem conte\u00fado com resultado. Tenho 8 anos de experi\u00eancia em marketing digital. E atuo como consultor de marketing de conte\u00fado atualmente. Hoje eu gero conte\u00fados com resultado para mim <a href=\"https:\/\/nexuspro.digital\/redatoronline\/empresa-marketing-de-conteudo\/\" rel=\"nofollow\"><span class=\"sr-only\">Leia mais sobreSobre<\/span>[&#8230;]<\/a><\/p>\n","protected":false},"author":1,"featured_media":3016,"parent":0,"menu_order":0,"comment_status":"closed","ping_status":"open","template":"template-fullwidth.php","meta":[],"yoast_head":"<!-- This site is optimized with the Yoast SEO plugin v20.2.1 - https:\/\/yoast.com\/wordpress\/plugins\/seo\/ -->\n<title>Sobre - Redator OnLine<\/title>\n<meta name=\"description\" content=\"Descubra todas as informa\u00e7\u00f5es do RedatorOnLine.net - Marketing de Conte\u00fado.\" \/>\n<meta name=\"robots\" content=\"index, follow, max-snippet:-1, max-image-preview:large, max-video-preview:-1\" \/>\n<link rel=\"canonical\" href=\"https:\/\/nexuspro.digital\/redatoronline\/empresa-marketing-de-conteudo\/\" \/>\n<meta property=\"og:locale\" content=\"pt_BR\" \/>\n<meta property=\"og:type\" content=\"article\" \/>\n<meta property=\"og:title\" content=\"Sobre - Redator OnLine\" \/>\n<meta property=\"og:description\" content=\"Descubra todas as informa\u00e7\u00f5es do RedatorOnLine.net - Marketing de Conte\u00fado.\" \/>\n<meta property=\"og:url\" content=\"https:\/\/nexuspro.digital\/redatoronline\/empresa-marketing-de-conteudo\/\" \/>\n<meta property=\"og:site_name\" content=\"Redator OnLine\" \/>\n<meta property=\"article:publisher\" content=\"https:\/\/facebook.com\/redatoronline.net\" \/>\n<meta property=\"article:modified_time\" content=\"2024-09-18T21:05:00+00:00\" \/>\n<meta property=\"og:image\" content=\"https:\/\/nexuspro.digital\/redatoronline\/wp-content\/uploads\/2018\/10\/introimg.jpg\" \/>\n\t<meta property=\"og:image:width\" content=\"800\" \/>\n\t<meta property=\"og:image:height\" content=\"576\" \/>\n\t<meta property=\"og:image:type\" content=\"image\/jpeg\" \/>\n<meta name=\"twitter:card\" content=\"summary_large_image\" \/>\n<meta name=\"twitter:site\" content=\"@redatornet\" \/>\n<meta name=\"twitter:label1\" content=\"Est. tempo de leitura\" \/>\n\t<meta name=\"twitter:data1\" content=\"2 minutos\" \/>\n<script type=\"application\/ld+json\" class=\"yoast-schema-graph\">{\"@context\":\"https:\/\/schema.org\",\"@graph\":[{\"@type\":\"WebPage\",\"@id\":\"https:\/\/nexuspro.digital\/redatoronline\/empresa-marketing-de-conteudo\/\",\"url\":\"https:\/\/nexuspro.digital\/redatoronline\/empresa-marketing-de-conteudo\/\",\"name\":\"Sobre - Redator OnLine\",\"isPartOf\":{\"@id\":\"https:\/\/nexuspro.digital\/redatoronline\/#website\"},\"datePublished\":\"2015-06-28T15:36:40+00:00\",\"dateModified\":\"2024-09-18T21:05:00+00:00\",\"description\":\"Descubra todas as informa\u00e7\u00f5es do RedatorOnLine.net - Marketing de Conte\u00fado.\",\"breadcrumb\":{\"@id\":\"https:\/\/nexuspro.digital\/redatoronline\/empresa-marketing-de-conteudo\/#breadcrumb\"},\"inLanguage\":\"pt-BR\",\"potentialAction\":[{\"@type\":\"ReadAction\",\"target\":[\"https:\/\/nexuspro.digital\/redatoronline\/empresa-marketing-de-conteudo\/\"]}]},{\"@type\":\"BreadcrumbList\",\"@id\":\"https:\/\/nexuspro.digital\/redatoronline\/empresa-marketing-de-conteudo\/#breadcrumb\",\"itemListElement\":[{\"@type\":\"ListItem\",\"position\":1,\"name\":\"In\u00edcio\",\"item\":\"https:\/\/nexuspro.digital\/redatoronline\/\"},{\"@type\":\"ListItem\",\"position\":2,\"name\":\"Sobre\"}]},{\"@type\":\"WebSite\",\"@id\":\"https:\/\/nexuspro.digital\/redatoronline\/#website\",\"url\":\"https:\/\/nexuspro.digital\/redatoronline\/\",\"name\":\"Redator OnLine\",\"description\":\"Conte\u00fado estrat\u00e9gico para voc\u00ea vender mais!\",\"potentialAction\":[{\"@type\":\"SearchAction\",\"target\":{\"@type\":\"EntryPoint\",\"urlTemplate\":\"https:\/\/nexuspro.digital\/redatoronline\/?s={search_term_string}\"},\"query-input\":\"required name=search_term_string\"}],\"inLanguage\":\"pt-BR\"}]}<\/script>\n<!-- \/ Yoast SEO plugin. -->","yoast_head_json":{"title":"Sobre - Redator OnLine","description":"Descubra todas as informa\u00e7\u00f5es do RedatorOnLine.net - Marketing de Conte\u00fado.","robots":{"index":"index","follow":"follow","max-snippet":"max-snippet:-1","max-image-preview":"max-image-preview:large","max-video-preview":"max-video-preview:-1"},"canonical":"https:\/\/nexuspro.digital\/redatoronline\/empresa-marketing-de-conteudo\/","og_locale":"pt_BR","og_type":"article","og_title":"Sobre - Redator OnLine","og_description":"Descubra todas as informa\u00e7\u00f5es do RedatorOnLine.net - Marketing de Conte\u00fado.","og_url":"https:\/\/nexuspro.digital\/redatoronline\/empresa-marketing-de-conteudo\/","og_site_name":"Redator OnLine","article_publisher":"https:\/\/facebook.com\/redatoronline.net","article_modified_time":"2024-09-18T21:05:00+00:00","og_image":[{"width":800,"height":576,"url":"https:\/\/nexuspro.digital\/redatoronline\/wp-content\/uploads\/2018\/10\/introimg.jpg","type":"image\/jpeg"}],"twitter_card":"summary_large_image","twitter_site":"@redatornet","twitter_misc":{"Est. tempo de leitura":"2 minutos"},"schema":{"@context":"https:\/\/schema.org","@graph":[{"@type":"WebPage","@id":"https:\/\/nexuspro.digital\/redatoronline\/empresa-marketing-de-conteudo\/","url":"https:\/\/nexuspro.digital\/redatoronline\/empresa-marketing-de-conteudo\/","name":"Sobre - Redator OnLine","isPartOf":{"@id":"https:\/\/nexuspro.digital\/redatoronline\/#website"},"datePublished":"2015-06-28T15:36:40+00:00","dateModified":"2024-09-18T21:05:00+00:00","description":"Descubra todas as informa\u00e7\u00f5es do RedatorOnLine.net - Marketing de Conte\u00fado.","breadcrumb":{"@id":"https:\/\/nexuspro.digital\/redatoronline\/empresa-marketing-de-conteudo\/#breadcrumb"},"inLanguage":"pt-BR","potentialAction":[{"@type":"ReadAction","target":["https:\/\/nexuspro.digital\/redatoronline\/empresa-marketing-de-conteudo\/"]}]},{"@type":"BreadcrumbList","@id":"https:\/\/nexuspro.digital\/redatoronline\/empresa-marketing-de-conteudo\/#breadcrumb","itemListElement":[{"@type":"ListItem","position":1,"name":"In\u00edcio","item":"https:\/\/nexuspro.digital\/redatoronline\/"},{"@type":"ListItem","position":2,"name":"Sobre"}]},{"@type":"WebSite","@id":"https:\/\/nexuspro.digital\/redatoronline\/#website","url":"https:\/\/nexuspro.digital\/redatoronline\/","name":"Redator OnLine","description":"Conte\u00fado estrat\u00e9gico para voc\u00ea vender mais!","potentialAction":[{"@type":"SearchAction","target":{"@type":"EntryPoint","urlTemplate":"https:\/\/nexuspro.digital\/redatoronline\/?s={search_term_string}"},"query-input":"required name=search_term_string"}],"inLanguage":"pt-BR"}]}},"_links":{"self":[{"href":"https:\/\/nexuspro.digital\/redatoronline\/wp-json\/wp\/v2\/pages\/1138"}],"collection":[{"href":"https:\/\/nexuspro.digital\/redatoronline\/wp-json\/wp\/v2\/pages"}],"about":[{"href":"https:\/\/nexuspro.digital\/redatoronline\/wp-json\/wp\/v2\/types\/page"}],"author":[{"embeddable":true,"href":"https:\/\/nexuspro.digital\/redatoronline\/wp-json\/wp\/v2\/users\/1"}],"replies":[{"embeddable":true,"href":"https:\/\/nexuspro.digital\/redatoronline\/wp-json\/wp\/v2\/comments?post=1138"}],"version-history":[{"count":25,"href":"https:\/\/nexuspro.digital\/redatoronline\/wp-json\/wp\/v2\/pages\/1138\/revisions"}],"predecessor-version":[{"id":3525,"href":"https:\/\/nexuspro.digital\/redatoronline\/wp-json\/wp\/v2\/pages\/1138\/revisions\/3525"}],"wp:featuredmedia":[{"embeddable":true,"href":"https:\/\/nexuspro.digital\/redatoronline\/wp-json\/wp\/v2\/media\/3016"}],"wp:attachment":[{"href":"https:\/\/nexuspro.digital\/redatoronline\/wp-json\/wp\/v2\/media?parent=1138"}],"curies":[{"name":"wp","href":"https:\/\/api.w.org\/{rel}","templated":true}]}}